{"id":1790,"date":"2020-11-01T20:08:09","date_gmt":"2020-11-01T19:08:09","guid":{"rendered":"https:\/\/therappy.app\/contact-us\/"},"modified":"2020-11-27T20:22:46","modified_gmt":"2020-11-27T19:22:46","slug":"bize-ulasin","status":"publish","type":"page","link":"https:\/\/therappy.app\/tr\/bize-ulasin\/","title":{"rendered":"Bize Ula\u015f\u0131n"},"content":{"rendered":"\t\t<div data-elementor-type=\"wp-post\" data-elementor-id=\"1790\" class=\"elementor elementor-1790 elementor-1730\" data-elementor-settings=\"[]\">\n\t\t\t\t\t\t<div class=\"elementor-inner\">\n\t\t\t\t\t\t\t<div class=\"elementor-section-wrap\">\n\t\t\t\t\t\t\t<section class=\"elementor-section elementor-top-section elementor-element elementor-element-0e0303b elementor-section-full_width elementor-section-height-default elementor-section-height-default\" data-id=\"0e0303b\" data-element_type=\"section\">\n\t\t\t\t\t\t<div class=\"elementor-container elementor-column-gap-no\">\n\t\t\t\t\t\t\t<div class=\"elementor-row\">\n\t\t\t\t\t<div class=\"elementor-column elementor-col-100 elementor-top-column elementor-element elementor-element-34af071\" data-id=\"34af071\" data-element_type=\"column\">\n\t\t\t<div class=\"elementor-column-wrap elementor-element-populated\">\n\t\t\t\t\t\t\t<div class=\"elementor-widget-wrap\">\n\t\t\t\t\t\t<div class=\"elementor-element elementor-element-b8b752e elementor-widget elementor-widget-tommusrhodus-hero-header-block\" data-id=\"b8b752e\" data-element_type=\"widget\" data-widget_type=\"tommusrhodus-hero-header-block.default\">\n\t\t\t\t<div class=\"elementor-widget-container\">\n\t\t\t\n\t\t\t\t<section data-jarallax data-speed=\"0.2\" class=\"bg-dark text-light header-inner p-0 jarallax o-hidden\" data-overlay>\n\t\t\t\t\t\n\t\t\t\t\t<img width=\"1920\" height=\"1080\" src=\"https:\/\/therappy.app\/wp-content\/uploads\/2019\/03\/inner-6.jpg\" class=\"jarallax-img opacity-30\" alt=\"\" loading=\"lazy\" srcset=\"https:\/\/therappy.app\/wp-content\/uploads\/2019\/03\/inner-6.jpg 1920w, https:\/\/therappy.app\/wp-content\/uploads\/2019\/03\/inner-6-300x169.jpg 300w, https:\/\/therappy.app\/wp-content\/uploads\/2019\/03\/inner-6-1024x576.jpg 1024w, https:\/\/therappy.app\/wp-content\/uploads\/2019\/03\/inner-6-768x432.jpg 768w, https:\/\/therappy.app\/wp-content\/uploads\/2019\/03\/inner-6-1536x864.jpg 1536w\" sizes=\"(max-width: 1920px) 100vw, 1920px\" \/>\n\t\t\t      \n\t\t\t\t\t<div class=\"container py-0 layer-2\">\n\t\t\t\t\t\t<div class=\"row my-4 my-md-6\" data-aos=\"fade-up\">\n\t\t\t\t\t\t\t<div class=\"col-lg-9 col-xl-8\"><h1 class=\"display-4\">Bizimle ileti\u015fimde olun<\/h1><p class=\"lead mb-0\">H\u0131zl\u0131 yan\u0131tlar i\u00e7in <span style=\"text-decoration: underline;\"><a href=\"\/sikca-sorulan-sorular\">s\u0131k\u00e7a sorulan sorulara<\/a><\/span> g\u00f6z at\u0131n.<\/p><\/div>\n\t\t\t\t\t\t<\/div>\n\t\t\t\t\t<\/div>\n\t\t\t<div class=\"divider\"><svg class=\"\" width=\"100%\" height=\"96px\" viewBox=\"0 0 100 100\" version=\"1.1\" xmlns=\"http:\/\/www.w3.org\/2000\/svg\" xmlns:xlink=\"http:\/\/www.w3.org\/1999\/xlink\" preserveAspectRatio=\"none\"><path d=\"M0,0 C16.6666667,66 33.3333333,99 50,99 C66.6666667,99 83.3333333,66 100,0 L100,100 L0,100 L0,0 Z\"><\/path><\/svg><\/div><\/section>\t\t<\/div>\n\t\t\t\t<\/div>\n\t\t\t\t\t\t<\/div>\n\t\t\t\t\t<\/div>\n\t\t<\/div>\n\t\t\t\t\t\t\t\t<\/div>\n\t\t\t\t\t<\/div>\n\t\t<\/section>\n\t\t\t\t<section class=\"elementor-section elementor-top-section elementor-element elementor-element-16e87ce elementor-section-boxed elementor-section-height-default elementor-section-height-default\" data-id=\"16e87ce\" data-element_type=\"section\">\n\t\t\t\t\t\t<div class=\"elementor-container elementor-column-gap-no\">\n\t\t\t\t\t\t\t<div class=\"elementor-row\">\n\t\t\t\t\t<div class=\"elementor-column elementor-col-33 elementor-top-column elementor-element elementor-element-7b2330a\" data-id=\"7b2330a\" data-element_type=\"column\">\n\t\t\t<div class=\"elementor-column-wrap elementor-element-populated\">\n\t\t\t\t\t\t\t<div class=\"elementor-widget-wrap\">\n\t\t\t\t\t\t<div class=\"elementor-element elementor-element-5638677 elementor-widget elementor-widget-text-editor\" data-id=\"5638677\" data-element_type=\"widget\" data-widget_type=\"text-editor.default\">\n\t\t\t\t<div class=\"elementor-widget-container\">\n\t\t\t\t\t\t\t\t<div class=\"elementor-text-editor elementor-clearfix\">\n\t\t\t\t\t\t\t\t\t<\/div>\n\t\t\t\t\t\t<\/div>\n\t\t\t\t<\/div>\n\t\t\t\t\t\t<\/div>\n\t\t\t\t\t<\/div>\n\t\t<\/div>\n\t\t\t\t<div class=\"elementor-column elementor-col-33 elementor-top-column elementor-element elementor-element-06b962f\" data-id=\"06b962f\" data-element_type=\"column\">\n\t\t\t<div class=\"elementor-column-wrap elementor-element-populated\">\n\t\t\t\t\t\t\t<div class=\"elementor-widget-wrap\">\n\t\t\t\t\t\t<div class=\"elementor-element elementor-element-6f703cd elementor-widget elementor-widget-text-editor\" data-id=\"6f703cd\" data-element_type=\"widget\" data-widget_type=\"text-editor.default\">\n\t\t\t\t<div class=\"elementor-widget-container\">\n\t\t\t\t\t\t\t\t<div class=\"elementor-text-editor elementor-clearfix\">\n\t\t\t\t<h3 class=\"h2\" style=\"text-align: center;\">Email<\/h3><p style=\"text-align: center;\"><a class=\"lead\" href=\"mailto:support@therappy.app\">support@therappy.app<\/a><\/p>\t\t\t\t\t<\/div>\n\t\t\t\t\t\t<\/div>\n\t\t\t\t<\/div>\n\t\t\t\t\t\t<\/div>\n\t\t\t\t\t<\/div>\n\t\t<\/div>\n\t\t\t\t<div class=\"elementor-column elementor-col-33 elementor-top-column elementor-element elementor-element-b55e580\" data-id=\"b55e580\" data-element_type=\"column\">\n\t\t\t<div class=\"elementor-column-wrap elementor-element-populated\">\n\t\t\t\t\t\t\t<div class=\"elementor-widget-wrap\">\n\t\t\t\t\t\t<div class=\"elementor-element elementor-element-d61e112 elementor-widget elementor-widget-text-editor\" data-id=\"d61e112\" data-element_type=\"widget\" data-widget_type=\"text-editor.default\">\n\t\t\t\t<div class=\"elementor-widget-container\">\n\t\t\t\t\t\t\t\t<div class=\"elementor-text-editor elementor-clearfix\">\n\t\t\t\t\t\t\t\t\t<\/div>\n\t\t\t\t\t\t<\/div>\n\t\t\t\t<\/div>\n\t\t\t\t\t\t<\/div>\n\t\t\t\t\t<\/div>\n\t\t<\/div>\n\t\t\t\t\t\t\t\t<\/div>\n\t\t\t\t\t<\/div>\n\t\t<\/section>\n\t\t\t\t<section class=\"elementor-section elementor-top-section elementor-element elementor-element-3391982 elementor-section-boxed elementor-section-height-default elementor-section-height-default\" data-id=\"3391982\" data-element_type=\"section\">\n\t\t\t\t\t\t<div class=\"elementor-container elementor-column-gap-default\">\n\t\t\t\t\t\t\t<div class=\"elementor-row\">\n\t\t\t\t\t<div class=\"elementor-column elementor-col-25 elementor-top-column elementor-element elementor-element-db5b20d\" data-id=\"db5b20d\" data-element_type=\"column\">\n\t\t\t<div class=\"elementor-column-wrap\">\n\t\t\t\t\t\t\t<div class=\"elementor-widget-wrap\">\n\t\t\t\t\t\t\t\t<\/div>\n\t\t\t\t\t<\/div>\n\t\t<\/div>\n\t\t\t\t<div class=\"elementor-column elementor-col-50 elementor-top-column elementor-element elementor-element-f8a6b20\" data-id=\"f8a6b20\" data-element_type=\"column\">\n\t\t\t<div class=\"elementor-column-wrap elementor-element-populated\">\n\t\t\t\t\t\t\t<div class=\"elementor-widget-wrap\">\n\t\t\t\t\t\t<div class=\"elementor-element elementor-element-3ea2688 elementor-widget elementor-widget-text-editor\" data-id=\"3ea2688\" data-element_type=\"widget\" data-widget_type=\"text-editor.default\">\n\t\t\t\t<div class=\"elementor-widget-container\">\n\t\t\t\t\t\t\t\t<div class=\"elementor-text-editor elementor-clearfix\">\n\t\t\t\t<div class=\"text-center mb-4\"><h2 class=\"h1\">Mesaj b\u0131rak\u0131n<\/h2><div class=\"text-center mb-4\"><p class=\"lead\">L\u00fctfen a\u015fa\u011f\u0131daki formu doldurun, size yard\u0131mc\u0131 olmaktan memnuniyet duyar\u0131z!<\/p><\/div><\/div><div role=\"form\" class=\"wpcf7\" id=\"wpcf7-f1802-o1\" lang=\"tr-TR\" dir=\"ltr\">\n<div class=\"screen-reader-response\"><p role=\"status\" aria-live=\"polite\" aria-atomic=\"true\"><\/p> <ul><\/ul><\/div>\n<form action=\"\/tr\/wp-json\/wp\/v2\/pages\/1790#wpcf7-f1802-o1\" method=\"post\" class=\"wpcf7-form init\" novalidate=\"novalidate\" data-status=\"init\">\n<div style=\"display: none;\">\n<input type=\"hidden\" name=\"_wpcf7\" value=\"1802\" \/>\n<input type=\"hidden\" name=\"_wpcf7_version\" value=\"5.4.2\" \/>\n<input type=\"hidden\" name=\"_wpcf7_locale\" value=\"tr_TR\" \/>\n<input type=\"hidden\" name=\"_wpcf7_unit_tag\" value=\"wpcf7-f1802-o1\" \/>\n<input type=\"hidden\" name=\"_wpcf7_container_post\" value=\"0\" \/>\n<input type=\"hidden\" name=\"_wpcf7_posted_data_hash\" value=\"\" \/>\n<input type=\"hidden\" name=\"_wpcf7_recaptcha_response\" value=\"\" \/>\n<\/div>\n<div class=\"row\">\n    <div class=\"col-12\">\n        <div class=\"form-group\">\n            <label>Ad\u0131n\u0131z *<\/label>\n            <span class=\"wpcf7-form-control-wrap your-name\"><input type=\"text\" name=\"your-name\" value=\"\" size=\"40\" class=\"wpcf7-form-control wpcf7-text wpcf7-validates-as-required form-control\" aria-required=\"true\" aria-invalid=\"false\" \/><\/span>\n        <\/div>\n    <\/div>\n    <div class=\"col-md-6\">\n        <div class=\"form-group\">\n            <label>Email Adresiniz *<\/label>\n            <span class=\"wpcf7-form-control-wrap your-email\"><input type=\"email\" name=\"your-email\" value=\"\" size=\"40\" class=\"wpcf7-form-control wpcf7-text wpcf7-email wpcf7-validates-as-required wpcf7-validates-as-email form-control\" aria-required=\"true\" aria-invalid=\"false\" placeholder=\"online@therappy.com\" \/><\/span>\n        <\/div>\n    <\/div>\n    <div class=\"col-md-6\">\n        <div class=\"form-group\">\n            <label>\u0130leti\u015fim Numaran\u0131z<\/label>\n            <span class=\"wpcf7-form-control-wrap your-tel\"><input type=\"tel\" name=\"your-tel\" value=\"\" size=\"40\" class=\"wpcf7-form-control wpcf7-text wpcf7-tel wpcf7-validates-as-tel form-control\" aria-invalid=\"false\" \/><\/span>\n        <\/div>\n    <\/div>\n    <div class=\"col-12\">\n        <div class=\"form-group\">\n            <label>Mesaj\u0131n\u0131z *<\/label>\n            <span class=\"wpcf7-form-control-wrap textarea\"><textarea name=\"textarea\" cols=\"40\" rows=\"10\" class=\"wpcf7-form-control wpcf7-textarea wpcf7-validates-as-required form-control\" aria-required=\"true\" aria-invalid=\"false\" placeholder=\"Nas\u0131l yard\u0131mc\u0131 olabiliriz?\"><\/textarea><\/span>\n        <\/div>\n    <\/div>\n    <div class=\"col-12\">\n        <input type=\"submit\" value=\"G\u00f6nder\" class=\"wpcf7-form-control wpcf7-submit btn btn-primary btn-loading\" \/>\n    <\/div>\n<\/div><div class=\"wpcf7-response-output\" aria-hidden=\"true\"><\/div><\/form><\/div>\t\t\t\t\t<\/div>\n\t\t\t\t\t\t<\/div>\n\t\t\t\t<\/div>\n\t\t\t\t\t\t<\/div>\n\t\t\t\t\t<\/div>\n\t\t<\/div>\n\t\t\t\t<div class=\"elementor-column elementor-col-25 elementor-top-column elementor-element elementor-element-f981b3a\" data-id=\"f981b3a\" data-element_type=\"column\">\n\t\t\t<div class=\"elementor-column-wrap\">\n\t\t\t\t\t\t\t<div class=\"elementor-widget-wrap\">\n\t\t\t\t\t\t\t\t<\/div>\n\t\t\t\t\t<\/div>\n\t\t<\/div>\n\t\t\t\t\t\t\t\t<\/div>\n\t\t\t\t\t<\/div>\n\t\t<\/section>\n\t\t\t\t\t\t<\/div>\n\t\t\t\t\t\t<\/div>\n\t\t\t\t\t<\/div>\n\t\t<div class=\"clearfix\"><\/div>","protected":false},"excerpt":{"rendered":"<p>Bizimle ileti\u015fimde olun H\u0131zl\u0131 yan\u0131tlar i\u00e7in s\u0131k\u00e7a sorulan sorulara g\u00f6z at\u0131n. Email support@therappy.app Mesaj b\u0131rak\u0131n&#8230;<\/p>\n","protected":false},"author":1,"featured_media":0,"parent":0,"menu_order":0,"comment_status":"closed","ping_status":"closed","template":"elementor_header_footer","meta":[],"yoast_head":"<!-- This site is optimized with the Yoast SEO plugin v17.2 - https:\/\/yoast.com\/wordpress\/plugins\/seo\/ -->\n<title>Bize Ula\u015f\u0131n - Therappy<\/title>\n<meta name=\"robots\" content=\"index, follow, max-snippet:-1, max-image-preview:large, max-video-preview:-1\" \/>\n<link rel=\"canonical\" href=\"https:\/\/therappy.app\/tr\/bize-ulasin\/\" \/>\n<meta property=\"og:locale\" content=\"tr_TR\" \/>\n<meta property=\"og:type\" content=\"article\" \/>\n<meta property=\"og:title\" content=\"Bize Ula\u015f\u0131n - Therappy\" \/>\n<meta property=\"og:description\" content=\"Bizimle ileti\u015fimde olun H\u0131zl\u0131 yan\u0131tlar i\u00e7in s\u0131k\u00e7a sorulan sorulara g\u00f6z at\u0131n. Email support@therappy.app Mesaj b\u0131rak\u0131n...\" \/>\n<meta property=\"og:url\" content=\"https:\/\/therappy.app\/tr\/bize-ulasin\/\" \/>\n<meta property=\"og:site_name\" content=\"Therappy\" \/>\n<meta property=\"article:publisher\" content=\"https:\/\/www.facebook.com\/onlinetherappy\" \/>\n<meta property=\"article:modified_time\" content=\"2020-11-27T19:22:46+00:00\" \/>\n<meta property=\"og:image\" content=\"https:\/\/therappy.app\/wp-content\/uploads\/2019\/03\/inner-6.jpg\" \/>\n<meta name=\"twitter:card\" content=\"summary_large_image\" \/>\n<meta name=\"twitter:site\" content=\"@onlinetherappy\" \/>\n<script type=\"application\/ld+json\" class=\"yoast-schema-graph\">{\"@context\":\"https:\/\/schema.org\",\"@graph\":[{\"@type\":\"Organization\",\"@id\":\"https:\/\/therappy.app\/tr\/#organization\",\"name\":\"Therappy\",\"url\":\"https:\/\/therappy.app\/tr\/\",\"sameAs\":[\"https:\/\/www.facebook.com\/onlinetherappy\",\"https:\/\/www.instagram.com\/onlinetherappy\",\"https:\/\/twitter.com\/onlinetherappy\"],\"logo\":{\"@type\":\"ImageObject\",\"@id\":\"https:\/\/therappy.app\/tr\/#logo\",\"inLanguage\":\"tr\",\"url\":\"https:\/\/therappy.app\/wp-content\/uploads\/2020\/05\/logo.png\",\"contentUrl\":\"https:\/\/therappy.app\/wp-content\/uploads\/2020\/05\/logo.png\",\"width\":500,\"height\":500,\"caption\":\"Therappy\"},\"image\":{\"@id\":\"https:\/\/therappy.app\/tr\/#logo\"}},{\"@type\":\"WebSite\",\"@id\":\"https:\/\/therappy.app\/tr\/#website\",\"url\":\"https:\/\/therappy.app\/tr\/\",\"name\":\"Therappy\",\"description\":\"\",\"publisher\":{\"@id\":\"https:\/\/therappy.app\/tr\/#organization\"},\"potentialAction\":[{\"@type\":\"SearchAction\",\"target\":{\"@type\":\"EntryPoint\",\"urlTemplate\":\"https:\/\/therappy.app\/tr\/?s={search_term_string}\"},\"query-input\":\"required name=search_term_string\"}],\"inLanguage\":\"tr\"},{\"@type\":\"ImageObject\",\"@id\":\"https:\/\/therappy.app\/tr\/bize-ulasin\/#primaryimage\",\"inLanguage\":\"tr\",\"url\":\"https:\/\/therappy.app\/wp-content\/uploads\/2019\/03\/inner-6.jpg\",\"contentUrl\":\"https:\/\/therappy.app\/wp-content\/uploads\/2019\/03\/inner-6.jpg\",\"width\":1920,\"height\":1080},{\"@type\":\"WebPage\",\"@id\":\"https:\/\/therappy.app\/tr\/bize-ulasin\/#webpage\",\"url\":\"https:\/\/therappy.app\/tr\/bize-ulasin\/\",\"name\":\"Bize Ula\\u015f\\u0131n - Therappy\",\"isPartOf\":{\"@id\":\"https:\/\/therappy.app\/tr\/#website\"},\"primaryImageOfPage\":{\"@id\":\"https:\/\/therappy.app\/tr\/bize-ulasin\/#primaryimage\"},\"datePublished\":\"2020-11-01T19:08:09+00:00\",\"dateModified\":\"2020-11-27T19:22:46+00:00\",\"breadcrumb\":{\"@id\":\"https:\/\/therappy.app\/tr\/bize-ulasin\/#breadcrumb\"},\"inLanguage\":\"tr\",\"potentialAction\":[{\"@type\":\"ReadAction\",\"target\":[\"https:\/\/therappy.app\/tr\/bize-ulasin\/\"]}]},{\"@type\":\"BreadcrumbList\",\"@id\":\"https:\/\/therappy.app\/tr\/bize-ulasin\/#breadcrumb\",\"itemListElement\":[{\"@type\":\"ListItem\",\"position\":1,\"name\":\"Home\",\"item\":\"https:\/\/therappy.app\/tr\/\"},{\"@type\":\"ListItem\",\"position\":2,\"name\":\"Bize Ula\\u015f\\u0131n\"}]}]}<\/script>\n<!-- \/ Yoast SEO plugin. -->","yoast_head_json":{"title":"Bize Ula\u015f\u0131n - Therappy","robots":{"index":"index","follow":"follow","max-snippet":"max-snippet:-1","max-image-preview":"max-image-preview:large","max-video-preview":"max-video-preview:-1"},"canonical":"https:\/\/therappy.app\/tr\/bize-ulasin\/","og_locale":"tr_TR","og_type":"article","og_title":"Bize Ula\u015f\u0131n - Therappy","og_description":"Bizimle ileti\u015fimde olun H\u0131zl\u0131 yan\u0131tlar i\u00e7in s\u0131k\u00e7a sorulan sorulara g\u00f6z at\u0131n. Email support@therappy.app Mesaj b\u0131rak\u0131n...","og_url":"https:\/\/therappy.app\/tr\/bize-ulasin\/","og_site_name":"Therappy","article_publisher":"https:\/\/www.facebook.com\/onlinetherappy","article_modified_time":"2020-11-27T19:22:46+00:00","og_image":[{"url":"https:\/\/therappy.app\/wp-content\/uploads\/2019\/03\/inner-6.jpg"}],"twitter_card":"summary_large_image","twitter_site":"@onlinetherappy","schema":{"@context":"https:\/\/schema.org","@graph":[{"@type":"Organization","@id":"https:\/\/therappy.app\/tr\/#organization","name":"Therappy","url":"https:\/\/therappy.app\/tr\/","sameAs":["https:\/\/www.facebook.com\/onlinetherappy","https:\/\/www.instagram.com\/onlinetherappy","https:\/\/twitter.com\/onlinetherappy"],"logo":{"@type":"ImageObject","@id":"https:\/\/therappy.app\/tr\/#logo","inLanguage":"tr","url":"https:\/\/therappy.app\/wp-content\/uploads\/2020\/05\/logo.png","contentUrl":"https:\/\/therappy.app\/wp-content\/uploads\/2020\/05\/logo.png","width":500,"height":500,"caption":"Therappy"},"image":{"@id":"https:\/\/therappy.app\/tr\/#logo"}},{"@type":"WebSite","@id":"https:\/\/therappy.app\/tr\/#website","url":"https:\/\/therappy.app\/tr\/","name":"Therappy","description":"","publisher":{"@id":"https:\/\/therappy.app\/tr\/#organization"},"potentialAction":[{"@type":"SearchAction","target":{"@type":"EntryPoint","urlTemplate":"https:\/\/therappy.app\/tr\/?s={search_term_string}"},"query-input":"required name=search_term_string"}],"inLanguage":"tr"},{"@type":"ImageObject","@id":"https:\/\/therappy.app\/tr\/bize-ulasin\/#primaryimage","inLanguage":"tr","url":"https:\/\/therappy.app\/wp-content\/uploads\/2019\/03\/inner-6.jpg","contentUrl":"https:\/\/therappy.app\/wp-content\/uploads\/2019\/03\/inner-6.jpg","width":1920,"height":1080},{"@type":"WebPage","@id":"https:\/\/therappy.app\/tr\/bize-ulasin\/#webpage","url":"https:\/\/therappy.app\/tr\/bize-ulasin\/","name":"Bize Ula\u015f\u0131n - Therappy","isPartOf":{"@id":"https:\/\/therappy.app\/tr\/#website"},"primaryImageOfPage":{"@id":"https:\/\/therappy.app\/tr\/bize-ulasin\/#primaryimage"},"datePublished":"2020-11-01T19:08:09+00:00","dateModified":"2020-11-27T19:22:46+00:00","breadcrumb":{"@id":"https:\/\/therappy.app\/tr\/bize-ulasin\/#breadcrumb"},"inLanguage":"tr","potentialAction":[{"@type":"ReadAction","target":["https:\/\/therappy.app\/tr\/bize-ulasin\/"]}]},{"@type":"BreadcrumbList","@id":"https:\/\/therappy.app\/tr\/bize-ulasin\/#breadcrumb","itemListElement":[{"@type":"ListItem","position":1,"name":"Home","item":"https:\/\/therappy.app\/tr\/"},{"@type":"ListItem","position":2,"name":"Bize Ula\u015f\u0131n"}]}]}},"_links":{"self":[{"href":"https:\/\/therappy.app\/tr\/wp-json\/wp\/v2\/pages\/1790"}],"collection":[{"href":"https:\/\/therappy.app\/tr\/wp-json\/wp\/v2\/pages"}],"about":[{"href":"https:\/\/therappy.app\/tr\/wp-json\/wp\/v2\/types\/page"}],"author":[{"embeddable":true,"href":"https:\/\/therappy.app\/tr\/wp-json\/wp\/v2\/users\/1"}],"replies":[{"embeddable":true,"href":"https:\/\/therappy.app\/tr\/wp-json\/wp\/v2\/comments?post=1790"}],"version-history":[{"count":13,"href":"https:\/\/therappy.app\/tr\/wp-json\/wp\/v2\/pages\/1790\/revisions"}],"predecessor-version":[{"id":1805,"href":"https:\/\/therappy.app\/tr\/wp-json\/wp\/v2\/pages\/1790\/revisions\/1805"}],"wp:attachment":[{"href":"https:\/\/therappy.app\/tr\/wp-json\/wp\/v2\/media?parent=1790"}],"curies":[{"name":"wp","href":"https:\/\/api.w.org\/{rel}","templated":true}]}}