{"id":1560,"date":"2020-10-11T16:05:55","date_gmt":"2020-10-11T15:05:55","guid":{"rendered":"https:\/\/onlinetherappy.com\/?page_id=1560"},"modified":"2020-11-01T19:54:52","modified_gmt":"2020-11-01T18:54:52","slug":"gizlilik-politikamiz","status":"publish","type":"page","link":"https:\/\/therappy.app\/tr\/gizlilik-politikamiz\/","title":{"rendered":"Gizlilik Politikam\u0131z"},"content":{"rendered":"\t\t<div data-elementor-type=\"wp-page\" data-elementor-id=\"1560\" class=\"elementor elementor-1560 elementor-1280\" data-elementor-settings=\"[]\">\n\t\t\t\t\t\t<div class=\"elementor-inner\">\n\t\t\t\t\t\t\t<div class=\"elementor-section-wrap\">\n\t\t\t\t\t\t\t<section class=\"elementor-section elementor-top-section elementor-element elementor-element-915fe16 elementor-section-boxed elementor-section-height-default elementor-section-height-default\" data-id=\"915fe16\" data-element_type=\"section\">\n\t\t\t\t\t\t<div class=\"elementor-container elementor-column-gap-default\">\n\t\t\t\t\t\t\t<div class=\"elementor-row\">\n\t\t\t\t\t<div class=\"elementor-column elementor-col-100 elementor-top-column elementor-element elementor-element-6fc4056e\" data-id=\"6fc4056e\" data-element_type=\"column\">\n\t\t\t<div class=\"elementor-column-wrap elementor-element-populated\">\n\t\t\t\t\t\t\t<div class=\"elementor-widget-wrap\">\n\t\t\t\t\t\t<div class=\"elementor-element elementor-element-c05c510 elementor-widget elementor-widget-text-editor\" data-id=\"c05c510\" data-element_type=\"widget\" data-widget_type=\"text-editor.default\">\n\t\t\t\t<div class=\"elementor-widget-container\">\n\t\t\t\t\t\t\t\t<div class=\"elementor-text-editor elementor-clearfix\">\n\t\t\t\t<p>THERAPPY uygulamas\u0131n\u0131n hizmetlerinden faydalanabilmek, kampanya ve de\u011fi\u015fikliklerden \u00fcyeleri haberdar etmek, g\u00fcncellemeler hakk\u0131nda bilgi vermek ve al\u0131nan hizmet nedeniyle \u00fcyelere ula\u015fabilmek i\u00e7in bir tak\u0131m ki\u015fisel bilgiler istenmektedir.<\/p>\n<p>THERAPPY isim, soy isim ve e mail, cep telefonu bilgilerinizi alarak kaydeder.<\/p>\n<p>THERAPPY, seans esnas\u0131nda g\u00f6r\u00fcnt\u00fc, ses ve mesajla\u015fma dahil hi\u00e7bir veriyi kaydetmemektedir.<\/p>\n<p>THERAPPY\u2019ye ait olan <a href=\"https:\/\/therappy.app\">https:\/\/therappy.app<\/a> web sitesi \u00e7erez (cookie) kullanan bir sitedir.<\/p>\n<p>Verilerin tutulmas\u0131 ve i\u015flenmesi i\u00e7in kullan\u0131lan partner uygulamaya kullan\u0131c\u0131lar\u0131n isim, soy isim, telefon, e-mail, IP gibi bilgileri payla\u015f\u0131lmaktad\u0131r.<\/p>\n<p>\u00d6deme alt yap\u0131s\u0131 i\u00e7in kullan\u0131lan partner uygulama ile, kullan\u0131c\u0131n\u0131n faturas\u0131n\u0131n g\u00f6nderilmesi i\u00e7in e-mail bilgisi payla\u015f\u0131lmaktad\u0131r..<\/p>\n<p>G\u00f6r\u00fc\u015fme yap\u0131labilmesi i\u00e7in kullan\u0131lan partner uygulama ile IP ve mobil telefona ait bilgiler payla\u015f\u0131lmaktad\u0131r<\/p>\n<p>THERAPPY banka veya kredi kart\u0131 ile \u00f6deme yapan kart sahiplerinin g\u00fcvenli\u011fini \u00f6nemseyerek kredi kart\u0131 bilgilerini hi\u00e7bir \u015fekilde sistemde saklamamaktad\u0131r. Sadece tahsilat i\u015flemi s\u0131ras\u0131nda, arac\u0131 \u00f6deme sistemine aktar\u0131lmas\u0131n\u0131 sa\u011flanmaktad\u0131r.&nbsp; THERAPPY platformu taraf\u0131ndan, internet teknolojisinin sunmu\u015f oldu\u011fu en son yaz\u0131l\u0131m ve tekniklerle ki\u015fisel bilgileriniz %100 g\u00fcvenlik alt\u0131na al\u0131nm\u0131\u015ft\u0131r.<\/p>\n<p>Kamu g\u00fcvenli\u011fi gerek\u00e7esiyle resmi makamlar\u0131n talep etmesi halinde THERAPPY\u2019nin bu bilgileri ilgili makamlarla payla\u015fma hakk\u0131 sakl\u0131d\u0131r.<\/p>\n<p>THERAPPY i\u015fbu Ki\u015fisel Verilerin Korunmas\u0131 Hakk\u0131nda A\u00e7\u0131klama metnini y\u00fcr\u00fcrl\u00fckteki mevzuatta yap\u0131labilecek de\u011fi\u015fiklikler ve ihtiya\u00e7 duydu\u011fu \u00e7er\u00e7evede her zaman g\u00fcncelleme hakk\u0131n\u0131 sakl\u0131 tutar. Bu de\u011fi\u015fiklikler THERAPPY platformunda yay\u0131nlanmas\u0131yla y\u00fcr\u00fcrl\u00fck kazan\u0131r. \u0130\u015fbu Gizlilik Politikas\u0131\u2019n\u0131n de\u011fi\u015ftirilmesinden sonra platformu kullanmaya devam etmeniz halinde yap\u0131lan de\u011fi\u015fiklikleri kabul etti\u011finiz varsay\u0131l\u0131r.<\/p>\n<p>Kay\u0131tl\u0131 ki\u015fisel bilgileriniz hi\u00e7bir \u015fekilde sat\u0131lamaz, kiralanamaz ya da ba\u015fka bir kurum ya da kurulu\u015f ile kar\u015f\u0131l\u0131kl\u0131 de\u011fi\u015ftirilmez.<\/p>\n<p>\u00dcyelerin ki\u015fisel bilgileri g\u00fcvenli ortamlarda saklanmaktad\u0131r. THERAPPY platformu, \u00fcyelerinin ki\u015fisel bilgilerini korumak i\u00e7in en \u00fcst d\u00fczey teknoloji standartlar\u0131ndan yararlanmaktad\u0131r.<\/p>\n<p>Sosyal medya platformlar\u0131 ile THERAPPY platformuna yap\u0131lan giri\u015flerde kullan\u0131lan sosyal medyan\u0131n sa\u011flad\u0131\u011f\u0131 isim, soy isim, e-mail bilgileri kullan\u0131lmaktad\u0131r. Kullan\u0131c\u0131 bunu kabul etmi\u015f say\u0131l\u0131r. THERAPPY, hi\u00e7 bir sosyal medyaya, kullan\u0131c\u0131n\u0131n izni olmadan ki\u015fisel bilgisini payla\u015fmaz.<\/p>\n<p>THERAPPY, web sitesine ve mobil uygulamalar\u0131na, reklam koyma hakk\u0131n\u0131 sakl\u0131 tutar. Bu reklamlar \u00e7erez (cookies) i\u00e7erebilir ve bu \u015firketler taraf\u0131ndan \u00e7erez bilgileri toplanabilir. Bu husus THERAPPY\u2019nin sorumlulu\u011funda de\u011fildir.<\/p>\n<p>THERAPPY web sitesi dahilinde ba\u015fka sitelere link verebilir. THERAPPY bu linkler vas\u0131tas\u0131yla eri\u015filen sitelerin gizlilik uygulamalar\u0131 ve i\u00e7eriklerine y\u00f6nelik herhangi bir sorumluluk ta\u015f\u0131mamaktad\u0131r.<\/p>\n<p>Her kullan\u0131c\u0131 THERAPPY uygulamas\u0131n\u0131 indirmesiyle veya web sitesini ziyaret etmesiyle, i\u015fbu gizlilik politikas\u0131 h\u00fck\u00fcm ve \u015fartlar\u0131n\u0131 kabul etmi\u015f say\u0131lacakt\u0131r.<\/p>\t\t\t\t\t<\/div>\n\t\t\t\t\t\t<\/div>\n\t\t\t\t<\/div>\n\t\t\t\t\t\t<\/div>\n\t\t\t\t\t<\/div>\n\t\t<\/div>\n\t\t\t\t\t\t\t\t<\/div>\n\t\t\t\t\t<\/div>\n\t\t<\/section>\n\t\t\t\t\t\t<\/div>\n\t\t\t\t\t\t<\/div>\n\t\t\t\t\t<\/div>\n\t\t<div class=\"clearfix\"><\/div>","protected":false},"excerpt":{"rendered":"<p>THERAPPY uygulamas\u0131n\u0131n hizmetlerinden faydalanabilmek, kampanya ve de\u011fi\u015fikliklerden \u00fcyeleri haberdar etmek, g\u00fcncellemeler hakk\u0131nda bilgi vermek ve&#8230;<\/p>\n","protected":false},"author":1,"featured_media":0,"parent":0,"menu_order":0,"comment_status":"closed","ping_status":"closed","template":"","meta":[],"yoast_head":"<!-- This site is optimized with the Yoast SEO plugin v17.2 - https:\/\/yoast.com\/wordpress\/plugins\/seo\/ -->\n<title>Gizlilik Politikam\u0131z - Therappy<\/title>\n<meta name=\"robots\" content=\"index, follow, max-snippet:-1, max-image-preview:large, max-video-preview:-1\" \/>\n<link rel=\"canonical\" href=\"https:\/\/therappy.app\/tr\/gizlilik-politikamiz\/\" \/>\n<meta property=\"og:locale\" content=\"tr_TR\" \/>\n<meta property=\"og:type\" content=\"article\" \/>\n<meta property=\"og:title\" content=\"Gizlilik Politikam\u0131z - Therappy\" \/>\n<meta property=\"og:description\" content=\"THERAPPY uygulamas\u0131n\u0131n hizmetlerinden faydalanabilmek, kampanya ve de\u011fi\u015fikliklerden \u00fcyeleri haberdar etmek, g\u00fcncellemeler hakk\u0131nda bilgi vermek ve...\" \/>\n<meta property=\"og:url\" content=\"https:\/\/therappy.app\/tr\/gizlilik-politikamiz\/\" \/>\n<meta property=\"og:site_name\" content=\"Therappy\" \/>\n<meta property=\"article:publisher\" content=\"https:\/\/www.facebook.com\/onlinetherappy\" \/>\n<meta property=\"article:modified_time\" content=\"2020-11-01T18:54:52+00:00\" \/>\n<meta name=\"twitter:card\" content=\"summary_large_image\" \/>\n<meta name=\"twitter:site\" content=\"@onlinetherappy\" \/>\n<meta name=\"twitter:label1\" content=\"Tahmini okuma s\u00fcresi\" \/>\n\t<meta name=\"twitter:data1\" content=\"3 dakika\" \/>\n<script type=\"application\/ld+json\" class=\"yoast-schema-graph\">{\"@context\":\"https:\/\/schema.org\",\"@graph\":[{\"@type\":\"Organization\",\"@id\":\"https:\/\/therappy.app\/tr\/#organization\",\"name\":\"Therappy\",\"url\":\"https:\/\/therappy.app\/tr\/\",\"sameAs\":[\"https:\/\/www.facebook.com\/onlinetherappy\",\"https:\/\/www.instagram.com\/onlinetherappy\",\"https:\/\/twitter.com\/onlinetherappy\"],\"logo\":{\"@type\":\"ImageObject\",\"@id\":\"https:\/\/therappy.app\/tr\/#logo\",\"inLanguage\":\"tr\",\"url\":\"https:\/\/therappy.app\/wp-content\/uploads\/2020\/05\/logo.png\",\"contentUrl\":\"https:\/\/therappy.app\/wp-content\/uploads\/2020\/05\/logo.png\",\"width\":500,\"height\":500,\"caption\":\"Therappy\"},\"image\":{\"@id\":\"https:\/\/therappy.app\/tr\/#logo\"}},{\"@type\":\"WebSite\",\"@id\":\"https:\/\/therappy.app\/tr\/#website\",\"url\":\"https:\/\/therappy.app\/tr\/\",\"name\":\"Therappy\",\"description\":\"\",\"publisher\":{\"@id\":\"https:\/\/therappy.app\/tr\/#organization\"},\"potentialAction\":[{\"@type\":\"SearchAction\",\"target\":{\"@type\":\"EntryPoint\",\"urlTemplate\":\"https:\/\/therappy.app\/tr\/?s={search_term_string}\"},\"query-input\":\"required name=search_term_string\"}],\"inLanguage\":\"tr\"},{\"@type\":\"WebPage\",\"@id\":\"https:\/\/therappy.app\/tr\/gizlilik-politikamiz\/#webpage\",\"url\":\"https:\/\/therappy.app\/tr\/gizlilik-politikamiz\/\",\"name\":\"Gizlilik Politikam\\u0131z - Therappy\",\"isPartOf\":{\"@id\":\"https:\/\/therappy.app\/tr\/#website\"},\"datePublished\":\"2020-10-11T15:05:55+00:00\",\"dateModified\":\"2020-11-01T18:54:52+00:00\",\"breadcrumb\":{\"@id\":\"https:\/\/therappy.app\/tr\/gizlilik-politikamiz\/#breadcrumb\"},\"inLanguage\":\"tr\",\"potentialAction\":[{\"@type\":\"ReadAction\",\"target\":[\"https:\/\/therappy.app\/tr\/gizlilik-politikamiz\/\"]}]},{\"@type\":\"BreadcrumbList\",\"@id\":\"https:\/\/therappy.app\/tr\/gizlilik-politikamiz\/#breadcrumb\",\"itemListElement\":[{\"@type\":\"ListItem\",\"position\":1,\"name\":\"Home\",\"item\":\"https:\/\/therappy.app\/tr\/\"},{\"@type\":\"ListItem\",\"position\":2,\"name\":\"Gizlilik Politikam\\u0131z\"}]}]}<\/script>\n<!-- \/ Yoast SEO plugin. -->","yoast_head_json":{"title":"Gizlilik Politikam\u0131z - Therappy","robots":{"index":"index","follow":"follow","max-snippet":"max-snippet:-1","max-image-preview":"max-image-preview:large","max-video-preview":"max-video-preview:-1"},"canonical":"https:\/\/therappy.app\/tr\/gizlilik-politikamiz\/","og_locale":"tr_TR","og_type":"article","og_title":"Gizlilik Politikam\u0131z - Therappy","og_description":"THERAPPY uygulamas\u0131n\u0131n hizmetlerinden faydalanabilmek, kampanya ve de\u011fi\u015fikliklerden \u00fcyeleri haberdar etmek, g\u00fcncellemeler hakk\u0131nda bilgi vermek ve...","og_url":"https:\/\/therappy.app\/tr\/gizlilik-politikamiz\/","og_site_name":"Therappy","article_publisher":"https:\/\/www.facebook.com\/onlinetherappy","article_modified_time":"2020-11-01T18:54:52+00:00","twitter_card":"summary_large_image","twitter_site":"@onlinetherappy","twitter_misc":{"Tahmini okuma s\u00fcresi":"3 dakika"},"schema":{"@context":"https:\/\/schema.org","@graph":[{"@type":"Organization","@id":"https:\/\/therappy.app\/tr\/#organization","name":"Therappy","url":"https:\/\/therappy.app\/tr\/","sameAs":["https:\/\/www.facebook.com\/onlinetherappy","https:\/\/www.instagram.com\/onlinetherappy","https:\/\/twitter.com\/onlinetherappy"],"logo":{"@type":"ImageObject","@id":"https:\/\/therappy.app\/tr\/#logo","inLanguage":"tr","url":"https:\/\/therappy.app\/wp-content\/uploads\/2020\/05\/logo.png","contentUrl":"https:\/\/therappy.app\/wp-content\/uploads\/2020\/05\/logo.png","width":500,"height":500,"caption":"Therappy"},"image":{"@id":"https:\/\/therappy.app\/tr\/#logo"}},{"@type":"WebSite","@id":"https:\/\/therappy.app\/tr\/#website","url":"https:\/\/therappy.app\/tr\/","name":"Therappy","description":"","publisher":{"@id":"https:\/\/therappy.app\/tr\/#organization"},"potentialAction":[{"@type":"SearchAction","target":{"@type":"EntryPoint","urlTemplate":"https:\/\/therappy.app\/tr\/?s={search_term_string}"},"query-input":"required name=search_term_string"}],"inLanguage":"tr"},{"@type":"WebPage","@id":"https:\/\/therappy.app\/tr\/gizlilik-politikamiz\/#webpage","url":"https:\/\/therappy.app\/tr\/gizlilik-politikamiz\/","name":"Gizlilik Politikam\u0131z - Therappy","isPartOf":{"@id":"https:\/\/therappy.app\/tr\/#website"},"datePublished":"2020-10-11T15:05:55+00:00","dateModified":"2020-11-01T18:54:52+00:00","breadcrumb":{"@id":"https:\/\/therappy.app\/tr\/gizlilik-politikamiz\/#breadcrumb"},"inLanguage":"tr","potentialAction":[{"@type":"ReadAction","target":["https:\/\/therappy.app\/tr\/gizlilik-politikamiz\/"]}]},{"@type":"BreadcrumbList","@id":"https:\/\/therappy.app\/tr\/gizlilik-politikamiz\/#breadcrumb","itemListElement":[{"@type":"ListItem","position":1,"name":"Home","item":"https:\/\/therappy.app\/tr\/"},{"@type":"ListItem","position":2,"name":"Gizlilik Politikam\u0131z"}]}]}},"_links":{"self":[{"href":"https:\/\/therappy.app\/tr\/wp-json\/wp\/v2\/pages\/1560"}],"collection":[{"href":"https:\/\/therappy.app\/tr\/wp-json\/wp\/v2\/pages"}],"about":[{"href":"https:\/\/therappy.app\/tr\/wp-json\/wp\/v2\/types\/page"}],"author":[{"embeddable":true,"href":"https:\/\/therappy.app\/tr\/wp-json\/wp\/v2\/users\/1"}],"replies":[{"embeddable":true,"href":"https:\/\/therappy.app\/tr\/wp-json\/wp\/v2\/comments?post=1560"}],"version-history":[{"count":6,"href":"https:\/\/therappy.app\/tr\/wp-json\/wp\/v2\/pages\/1560\/revisions"}],"predecessor-version":[{"id":1725,"href":"https:\/\/therappy.app\/tr\/wp-json\/wp\/v2\/pages\/1560\/revisions\/1725"}],"wp:attachment":[{"href":"https:\/\/therappy.app\/tr\/wp-json\/wp\/v2\/media?parent=1560"}],"curies":[{"name":"wp","href":"https:\/\/api.w.org\/{rel}","templated":true}]}}